{"id":131,"date":"2020-11-06T10:37:46","date_gmt":"2020-11-06T13:37:46","guid":{"rendered":"http:\/\/mvconcierge.vip.186-233-90-147.mkt.com.br\/site\/?page_id=131"},"modified":"2025-07-31T09:14:06","modified_gmt":"2025-07-31T12:14:06","slug":"limpeza-do-imovel","status":"publish","type":"page","link":"https:\/\/mvconcierge.vip\/es\/limpeza-do-imovel\/","title":{"rendered":"Limpieza de la propiedad"},"content":{"rendered":"<div      class=\"vc_row wpb_row section vc_row-fluid\" style=' text-align:left;'><div class=\"full_section_inner clearfix\"><div class=\"wpb_column vc_column_container vc_col-sm-12\"><div class=\"vc_column-inner\"><div class=\"wpb_wrapper\">\n\t\t\t<!-- START Cover REVOLUTION SLIDER 6.2.22 --><p class=\"rs-p-wp-fix\"><\/p>\n\t\t\t<rs-module-wrap id=\"rev_slider_2_1_wrapper\" data-source=\"gallery\" style=\"background:transparent;padding:0;margin:0px auto;margin-top:0;margin-bottom:0;\">\n\t\t\t\t<rs-module id=\"rev_slider_2_1\" style=\"\" data-version=\"6.2.22\">\n\t\t\t\t\t<rs-slides>\n\t\t\t\t\t\t<rs-slide data-key=\"rs-2\" data-title=\"Slide\" data-anim=\"ei:d;eo:d;s:1000;r:0;t:fade;sl:0;\">\n\t\t\t\t\t\t\t<img loading=\"lazy\" decoding=\"async\" src=\"\/\/mvconcierge.vip\/wp-content\/uploads\/2020\/10\/cover-01.png\" title=\"portada-01\" width=\"2000\" height=\"78\" class=\"rev-slidebg\" data-no-retina>\n<!---->\t\t\t\t\t\t<\/rs-slide>\n\t\t\t\t\t<\/rs-slides>\n\t\t\t\t<\/rs-module>\n\t\t\t\t<script type=\"text\/javascript\">\n\t\t\t\t\tsetREVStartSize({c: 'rev_slider_2_1',rl:[1240,1024,778,480],el:[78,768,960,720],gw:[1240,1024,778,480],gh:[78,78,78,78],type:'standard',justify:'',layout:'fullwidth',mh:\"0\"});\n\t\t\t\t\tvar\trevapi2,\n\t\t\t\t\t\ttpj;\n\t\t\t\t\tfunction revinit_revslider21() {\n\t\t\t\t\tjQuery(function() {\n\t\t\t\t\t\ttpj = jQuery;\n\t\t\t\t\t\trevapi2 = tpj(\"#rev_slider_2_1\");\n\t\t\t\t\t\tif(revapi2==undefined || revapi2.revolution == undefined){\n\t\t\t\t\t\t\trevslider_showDoubleJqueryError(\"rev_slider_2_1\");\n\t\t\t\t\t\t}else{\n\t\t\t\t\t\t\trevapi2.revolution({\n\t\t\t\t\t\t\t\tsliderLayout:\"fullwidth\",\n\t\t\t\t\t\t\t\tvisibilityLevels:\"1240,1024,778,480\",\n\t\t\t\t\t\t\t\tgridwidth:\"1240,1024,778,480\",\n\t\t\t\t\t\t\t\tgridheight:\"78,78,78,78\",\n\t\t\t\t\t\t\t\tspinner:\"spinner0\",\n\t\t\t\t\t\t\t\tperspective:600,\n\t\t\t\t\t\t\t\tperspectiveType:\"global\",\n\t\t\t\t\t\t\t\teditorheight:\"78,768,960,720\",\n\t\t\t\t\t\t\t\tresponsiveLevels:\"1240,1024,778,480\",\n\t\t\t\t\t\t\t\tprogressBar:{disableProgressBar:true},\n\t\t\t\t\t\t\t\tnavigation: {\n\t\t\t\t\t\t\t\t\tonHoverStop:false\n\t\t\t\t\t\t\t\t},\n\t\t\t\t\t\t\t\tfallbacks: {\n\t\t\t\t\t\t\t\t\tallowHTML5AutoPlayOnAndroid:true\n\t\t\t\t\t\t\t\t},\n\t\t\t\t\t\t\t});\n\t\t\t\t\t\t}\n\t\t\t\t\t\t\n\t\t\t\t\t});\n\t\t\t\t\t} \/\/ End of RevInitScript\n\t\t\t\tvar once_revslider21 = false;\n\t\t\t\tif (document.readyState === \"loading\") {document.addEventListener('readystatechange',function() { if((document.readyState === \"interactive\" || document.readyState === \"complete\") && !once_revslider21 ) { once_revslider21 = true; revinit_revslider21();}});} else {once_revslider21 = true; revinit_revslider21();}\n\t\t\t\t<\/script>\n\t\t\t<\/rs-module-wrap>\n\t\t\t<!-- END REVOLUTION SLIDER -->\n\t<div class=\"vc_empty_space\"  style=\"height: 60px\" ><span\n\t\t\tclass=\"vc_empty_space_inner\">\n\t\t\t<span class=\"empty_space_image\"  ><\/span>\n\t\t<\/span><\/div>\n\n<div      class=\"vc_row wpb_row section vc_row-fluid vc_inner  grid_section\" style=' text-align:left;'><div class=\"section_inner clearfix\"><div class='section_inner_margin clearfix'><div class=\"wpb_column vc_column_container vc_col-sm-6\"><div class=\"vc_column-inner\"><div class=\"wpb_wrapper\"><div class=\"wpb_gallery wpb_content_element vc_clearfix  imagens-servicos\"><div class=\"wpb_wrapper\"><div class=\"wpb_gallery_slides has_control_nav wpb_flexslider flexslider_fade flexslider\" data-interval=\"3\" data-flex_fx=\"fade\"data-control=\"true\"data-direction=\"false\"data-pause-on-hover=\"true\"><ul class=\"slides\"><li><a itemprop=\"image\" class=\"qode-prettyphoto\" href=\"https:\/\/mvconcierge.vip\/wp-content\/uploads\/2020\/11\/servicos-limpeza-do-imovel-3.jpg\" data-rel=\"prettyPhoto[rel-131-62913438]\"><img loading=\"lazy\" decoding=\"async\" width=\"525\" height=\"540\" src=\"https:\/\/mvconcierge.vip\/wp-content\/uploads\/2020\/11\/servicos-limpeza-do-imovel-3.jpg\" class=\"attachment-full\" alt=\"Servi\u00e7os - Limpeza do Im\u00f3vel\" srcset=\"https:\/\/mvconcierge.vip\/wp-content\/uploads\/2020\/11\/servicos-limpeza-do-imovel-3.jpg 525w, https:\/\/mvconcierge.vip\/wp-content\/uploads\/2020\/11\/servicos-limpeza-do-imovel-3-292x300.jpg 292w\" sizes=\"auto, (max-width: 525px) 100vw, 525px\" \/><\/a><\/li><li><a itemprop=\"image\" class=\"qode-prettyphoto\" href=\"https:\/\/mvconcierge.vip\/wp-content\/uploads\/2020\/11\/servicos-limpeza-do-imovel-1.jpg\" data-rel=\"prettyPhoto[rel-131-62913438]\"><img loading=\"lazy\" decoding=\"async\" width=\"525\" height=\"540\" src=\"https:\/\/mvconcierge.vip\/wp-content\/uploads\/2020\/11\/servicos-limpeza-do-imovel-1.jpg\" class=\"attachment-full\" alt=\"Servi\u00e7os - Limpeza do Im\u00f3vel\" srcset=\"https:\/\/mvconcierge.vip\/wp-content\/uploads\/2020\/11\/servicos-limpeza-do-imovel-1.jpg 525w, https:\/\/mvconcierge.vip\/wp-content\/uploads\/2020\/11\/servicos-limpeza-do-imovel-1-292x300.jpg 292w\" sizes=\"auto, (max-width: 525px) 100vw, 525px\" \/><\/a><\/li><li><a itemprop=\"image\" class=\"qode-prettyphoto\" href=\"https:\/\/mvconcierge.vip\/wp-content\/uploads\/2020\/11\/servicos-limpeza-do-imovel-2.jpg\" data-rel=\"prettyPhoto[rel-131-62913438]\"><img loading=\"lazy\" decoding=\"async\" width=\"525\" height=\"540\" src=\"https:\/\/mvconcierge.vip\/wp-content\/uploads\/2020\/11\/servicos-limpeza-do-imovel-2.jpg\" class=\"attachment-full\" alt=\"Servi\u00e7os - Limpeza do Im\u00f3vel\" srcset=\"https:\/\/mvconcierge.vip\/wp-content\/uploads\/2020\/11\/servicos-limpeza-do-imovel-2.jpg 525w, https:\/\/mvconcierge.vip\/wp-content\/uploads\/2020\/11\/servicos-limpeza-do-imovel-2-292x300.jpg 292w\" sizes=\"auto, (max-width: 525px) 100vw, 525px\" \/><\/a><\/li><\/ul><\/div><\/div><\/div><\/div><\/div><\/div><div class=\"wpb_column vc_column_container vc_col-sm-6\"><div class=\"vc_column-inner\"><div class=\"wpb_wrapper\">\n\t<div class=\"wpb_text_column wpb_content_element\">\n\t\t<div class=\"wpb_wrapper\">\n\t\t\t<h1><strong>Limpieza de la propiedad<\/strong><\/h1>\n<p>&nbsp;<\/p>\n<p><i class=\"far fa-check-square\"><\/i> Limpiezas regulares (semanales, quincenales o mensuales), con supervisi\u00f3n y orientaci\u00f3n al equipo de limpieza.<\/p>\n<p>&nbsp;<\/p>\n<p><i class=\"far fa-check-square\"><\/i> Inspecci\u00f3n de alacenas, armarios, cajones y refrigeradores para asegurar que est\u00e9n limpios, organizados y que todo se mantenga en su lugar (mano de obra no incluida).<\/p>\n<p>&nbsp;<\/p>\n<p><i class=\"far fa-check-square\"><\/i> Verificaci\u00f3n de que los equipos de limpieza est\u00e9n limpios y en buen estado.<\/p>\n<p>&nbsp;<\/p>\n<p><i class=\"far fa-check-square\"><\/i> Mandar la ropa a la tintorer\u00eda.<\/p>\n<p>&nbsp;<\/p>\n<p><i class=\"far fa-check-square\"><\/i> Compra de materiales de limpieza (materiales no incluidos).<\/p>\n<p>&nbsp;<\/p>\n<p><i class=\"far fa-check-square\"><\/i> Hacer correr el agua por todos los grifos, duchas e inodoros.<\/p>\n<p>&nbsp;<\/p>\n<p><i class=\"far fa-check-square\"><\/i> Encender el lavavajillas una vez al mes para evitar acumulaci\u00f3n y malos olores.<\/p>\n<p>&nbsp;<\/p>\n<p><i class=\"far fa-check-square\"><\/i> Limpieza de ventanas exteriores (servicio cobrado\u00a0por\u00a0separado).<\/p>\n\n\t\t<\/div> \n\t<\/div> <\/div><\/div><\/div><\/div><\/div><\/div><\/div><\/div><\/div><\/div><\/div><div      class=\"vc_row wpb_row section vc_row-fluid\" style=' text-align:left;'><div class=\"full_section_inner clearfix\"><div class=\"wpb_column vc_column_container vc_col-sm-12\"><div class=\"vc_column-inner\"><div class=\"wpb_wrapper\">\t<div class=\"vc_empty_space\"  style=\"height: 80px\" ><span\n\t\t\tclass=\"vc_empty_space_inner\">\n\t\t\t<span class=\"empty_space_image\"  ><\/span>\n\t\t<\/span><\/div>\n\n<\/div><\/div><\/div><\/div><\/div>","protected":false},"excerpt":{"rendered":"Limpieza del inmueble Limpieza mensual o quincenal y seguimiento y orientaci\u00f3n de la limpieza.   Inspecci\u00f3n de armarios, roperos, cajones y frigor\u00edficos para que est\u00e9n siempre limpios y organizados, y para que el equipo de limpieza tenga siempre todo en el mismo sitio (mano de obra....","protected":false},"author":1,"featured_media":0,"parent":0,"menu_order":0,"comment_status":"closed","ping_status":"closed","template":"full_width.php","meta":{"footnotes":""},"yst_prominent_words":[],"class_list":["post-131","page","type-page","status-publish","hentry"],"_links":{"self":[{"href":"https:\/\/mvconcierge.vip\/es\/wp-json\/wp\/v2\/pages\/131","targetHints":{"allow":["GET"]}}],"collection":[{"href":"https:\/\/mvconcierge.vip\/es\/wp-json\/wp\/v2\/pages"}],"about":[{"href":"https:\/\/mvconcierge.vip\/es\/wp-json\/wp\/v2\/types\/page"}],"author":[{"embeddable":true,"href":"https:\/\/mvconcierge.vip\/es\/wp-json\/wp\/v2\/users\/1"}],"replies":[{"embeddable":true,"href":"https:\/\/mvconcierge.vip\/es\/wp-json\/wp\/v2\/comments?post=131"}],"version-history":[{"count":0,"href":"https:\/\/mvconcierge.vip\/es\/wp-json\/wp\/v2\/pages\/131\/revisions"}],"wp:attachment":[{"href":"https:\/\/mvconcierge.vip\/es\/wp-json\/wp\/v2\/media?parent=131"}],"wp:term":[{"taxonomy":"yst_prominent_words","embeddable":true,"href":"https:\/\/mvconcierge.vip\/es\/wp-json\/wp\/v2\/yst_prominent_words?post=131"}],"curies":[{"name":"wp","href":"https:\/\/api.w.org\/{rel}","templated":true}]}}