{"id":2,"date":"2020-10-29T10:09:57","date_gmt":"2020-10-29T13:09:57","guid":{"rendered":"http:\/\/mvconcierge.vip.186-233-90-147.mkt.com.br\/site\/?page_id=2"},"modified":"2025-07-25T09:56:28","modified_gmt":"2025-07-25T12:56:28","slug":"pagina-exemplo","status":"publish","type":"page","link":"https:\/\/mvconcierge.vip\/es\/","title":{"rendered":"Inicio"},"content":{"rendered":"<div      class=\"vc_row wpb_row section vc_row-fluid\" style=' text-align:left;'><div class=\"full_section_inner clearfix\"><div class=\"wpb_column vc_column_container vc_col-sm-12\"><div class=\"vc_column-inner\"><div class=\"wpb_wrapper\">\n\t\t\t<!-- START Slider 1 REVOLUTION SLIDER 6.2.22 --><p class=\"rs-p-wp-fix\"><\/p>\n\t\t\t<rs-module-wrap id=\"rev_slider_1_1_wrapper\" data-source=\"gallery\" style=\"background:transparent;padding:0;margin:0px auto;margin-top:0;margin-bottom:0;\">\n\t\t\t\t<rs-module id=\"rev_slider_1_1\" style=\"\" data-version=\"6.2.22\">\n\t\t\t\t\t<rs-slides>\n\t\t\t\t\t\t<rs-slide data-key=\"rs-1\" data-title=\"Slide\" data-duration=\"5000ms\" data-anim=\"ei:d;eo:d;s:1000;r:0;t:fade;sl:0;\">\n\t\t\t\t\t\t\t<img loading=\"lazy\" decoding=\"async\" src=\"\/\/mvconcierge.vip\/wp-content\/uploads\/2020\/10\/banner-1.jpg\" title=\"banner-1\" width=\"2000\" height=\"691\" class=\"rev-slidebg\" data-no-retina>\n<!--\n\t\t\t\t\t\t\t--><rs-layer\n\t\t\t\t\t\t\t\tid=\"slider-1-slide-1-layer-0\" \n\t\t\t\t\t\t\t\tdata-type=\"shape\"\n\t\t\t\t\t\t\t\tdata-rsp_ch=\"on\"\n\t\t\t\t\t\t\t\tdata-xy=\"x:c;y:m;yo:0,0,50px,70px;\"\n\t\t\t\t\t\t\t\tdata-text=\"w:normal;s:20,16,12,7;l:0,20,15,9;\"\n\t\t\t\t\t\t\t\tdata-dim=\"w:820px,693px,514px,400px;h:115px,94px,71px,55px;\"\n\t\t\t\t\t\t\t\tdata-frame_0=\"x:0,0,0,0px;y:0,0,0,0px;\"\n\t\t\t\t\t\t\t\tdata-frame_1=\"x:0,0,0,0px;y:0,0,0,0px;e:power4.inOut;st:810;sp:1500;sR:810;\"\n\t\t\t\t\t\t\t\tdata-frame_999=\"o:0;st:w;sR:2690;\"\n\t\t\t\t\t\t\t\tstyle=\"z-index:9;background-color:rgba(255,255,255,0.67);\"\n\t\t\t\t\t\t\t> \n\t\t\t\t\t\t\t<\/rs-layer><!--\n\n\t\t\t\t\t\t\t--><rs-layer\n\t\t\t\t\t\t\t\tid=\"slider-1-slide-1-layer-3\" \n\t\t\t\t\t\t\t\tdata-type=\"image\"\n\t\t\t\t\t\t\t\tdata-rsp_ch=\"on\"\n\t\t\t\t\t\t\t\tdata-xy=\"x:l,l,c,c;xo:3000px,3000px,0,0;yo:50px,41px,0,0;\"\n\t\t\t\t\t\t\t\tdata-text=\"w:normal;s:20,16,12,7;l:0,20,15,9;\"\n\t\t\t\t\t\t\t\tdata-dim=\"w:300px,247px,1846px,1846px;h:180px,148px,72px,72px;\"\n\t\t\t\t\t\t\t\tdata-frame_999=\"o:0;st:w;sR:4700;\"\n\t\t\t\t\t\t\t\tstyle=\"z-index:11;\"\n\t\t\t\t\t\t\t> \n\t\t\t\t\t\t\t<\/rs-layer><!--\n\n\t\t\t\t\t\t\t--><rs-layer\n\t\t\t\t\t\t\t\tid=\"slider-1-slide-1-layer-4\" \n\t\t\t\t\t\t\t\tdata-type=\"text\"\n\t\t\t\t\t\t\t\tdata-color=\"#174c68\"\n\t\t\t\t\t\t\t\tdata-rsp_ch=\"on\"\n\t\t\t\t\t\t\t\tdata-xy=\"x:c;yo:315px,320px,208px,202px;\"\n\t\t\t\t\t\t\t\tdata-text=\"w:normal;s:27,22,16,14;l:32,26,19,19;a:center;\"\n\t\t\t\t\t\t\t\tdata-frame_1=\"e:power4.inOut;st:990;sp:1500;sR:990;\"\n\t\t\t\t\t\t\t\tdata-frame_999=\"o:0;st:w;sR:2510;\"\n\t\t\t\t\t\t\t\tstyle=\"z-index:12;font-family:Lato;text-transform:uppercase;\"\n\t\t\t\t\t\t\t>Concierge en Miami<br \/>\nCuidamos do seu im\u00f3vel da melhor forma \n\t\t\t\t\t\t\t<\/rs-layer><!--\n-->\t\t\t\t\t\t<\/rs-slide>\n\t\t\t\t\t<\/rs-slides>\n\t\t\t\t<\/rs-module>\n\t\t\t\t<script type=\"text\/javascript\">\n\t\t\t\t\tsetREVStartSize({c: 'rev_slider_1_1',rl:[1240,1024,778,480],el:[691,691,350,300],gw:[1240,1024,778,480],gh:[691,691,350,300],type:'standard',justify:'',layout:'fullwidth',mh:\"0\"});\n\t\t\t\t\tvar\trevapi1,\n\t\t\t\t\t\ttpj;\n\t\t\t\t\tfunction revinit_revslider11() {\n\t\t\t\t\tjQuery(function() {\n\t\t\t\t\t\ttpj = jQuery;\n\t\t\t\t\t\trevapi1 = tpj(\"#rev_slider_1_1\");\n\t\t\t\t\t\tif(revapi1==undefined || revapi1.revolution == undefined){\n\t\t\t\t\t\t\trevslider_showDoubleJqueryError(\"rev_slider_1_1\");\n\t\t\t\t\t\t}else{\n\t\t\t\t\t\t\trevapi1.revolution({\n\t\t\t\t\t\t\t\tsliderLayout:\"fullwidth\",\n\t\t\t\t\t\t\t\tvisibilityLevels:\"1240,1024,778,480\",\n\t\t\t\t\t\t\t\tgridwidth:\"1240,1024,778,480\",\n\t\t\t\t\t\t\t\tgridheight:\"691,691,350,300\",\n\t\t\t\t\t\t\t\tspinner:\"spinner0\",\n\t\t\t\t\t\t\t\tperspective:600,\n\t\t\t\t\t\t\t\tperspectiveType:\"global\",\n\t\t\t\t\t\t\t\teditorheight:\"691,691,350,300\",\n\t\t\t\t\t\t\t\tresponsiveLevels:\"1240,1024,778,480\",\n\t\t\t\t\t\t\t\tprogressBar:{disableProgressBar:true},\n\t\t\t\t\t\t\t\tnavigation: {\n\t\t\t\t\t\t\t\t\tonHoverStop:false\n\t\t\t\t\t\t\t\t},\n\t\t\t\t\t\t\t\tfallbacks: {\n\t\t\t\t\t\t\t\t\tallowHTML5AutoPlayOnAndroid:true\n\t\t\t\t\t\t\t\t},\n\t\t\t\t\t\t\t});\n\t\t\t\t\t\t}\n\t\t\t\t\t\t\n\t\t\t\t\t});\n\t\t\t\t\t} \/\/ End of RevInitScript\n\t\t\t\tvar once_revslider11 = false;\n\t\t\t\tif (document.readyState === \"loading\") {document.addEventListener('readystatechange',function() { if((document.readyState === \"interactive\" || document.readyState === \"complete\") && !once_revslider11 ) { once_revslider11 = true; revinit_revslider11();}});} else {once_revslider11 = true; revinit_revslider11();}\n\t\t\t\t<\/script>\n\t\t\t<\/rs-module-wrap>\n\t\t\t<!-- END REVOLUTION SLIDER -->\n\t<div class=\"vc_empty_space\"  style=\"height: 80px\" ><span\n\t\t\tclass=\"vc_empty_space_inner\">\n\t\t\t<span class=\"empty_space_image\"  ><\/span>\n\t\t<\/span><\/div>\n\n<\/div><\/div><\/div><\/div><\/div><div      class=\"vc_row wpb_row section vc_row-fluid  grid_section\" style=' text-align:center;'><div class=\"section_inner clearfix\"><div class='section_inner_margin clearfix'><div class=\"wpb_column vc_column_container vc_col-sm-12\"><div class=\"vc_column-inner\"><div class=\"wpb_wrapper\">\n\t<div class=\"wpb_text_column wpb_content_element\">\n\t\t<div class=\"wpb_wrapper\">\n\t\t\t<h1 style=\"text-align: center;\">Gesti\u00f3n de la propiedad y<\/h1>\n<h1 style=\"text-align: center;\">Concierge en Miami<\/h1>\n<p>&nbsp;<\/p>\n<h3 style=\"text-align: center;\">El verdadero lujo est\u00e1 en los detalles, y ah\u00ed comienza nuestro\u00a0compromiso.<\/h3>\n<p>&nbsp;<\/p>\n<p style=\"text-align: center;\">MV Concierge ofrece una gama completa de servicios de administraci\u00f3n de propiedades para quienes tienen inmuebles en Miami. Cuidamos de su propiedad para brindarle tranquilidad y comodidad, incluso cuando est\u00e9 lejos.<\/p>\n<p>&nbsp;<\/p>\n<p style=\"text-align: center;\">Gestionamos su propiedad con cuidado y atenci\u00f3n, brind\u00e1ndole tranquilidad incluso cuando est\u00e1 lejos.\nCada propiedad es \u00fanica, y cada cliente tambi\u00e9n. Por eso ofrecemos soluciones personalizadas seg\u00fan sus necesidades espec\u00edficas.<\/p>\n<p>&nbsp;<\/p>\n<p style=\"text-align: center;\">Nos encargamos de cada detalle para que, incluso a la distancia, usted sepa que su propiedad est\u00e1 en buenas manos.<\/p>\n<p>&nbsp;<\/p>\n<p style=\"text-align: center;\">Para nosotros, lo m\u00e1s importante es su experiencia en Miami. Todo lo dem\u00e1s lo hacemos con el objetivo de superar expectativas y hacer que su tiempo aqu\u00ed sea verdaderamente inolvidable.<\/p>\n<p>&nbsp;<\/p>\n<p style=\"text-align: center;\">Estamos comprometidos a construir relaciones a largo plazo basadas en la confianza, el cuidado y\u00a0la\u00a0excelencia.<\/p>\n<p>&nbsp;<\/p>\n<p style=\"text-align: center;\"><a href=\"https:\/\/mvconcierge.vip\/es\/mv-concierge\/\">leer m\u00e1s<\/a><\/p>\n\n\t\t<\/div> \n\t<\/div> \t<div class=\"vc_empty_space\"  style=\"height: 45px\" ><span\n\t\t\tclass=\"vc_empty_space_inner\">\n\t\t\t<span class=\"empty_space_image\"  ><\/span>\n\t\t<\/span><\/div>\n\n<div class=\"qode-advanced-image-gallery  qode-aig-grid-type qode-small-space  qode-image-behavior-zoom\">\n\t<div class=\"qode-aig-inner qode-outer-space qode-aig-grid qode-aig-three-columns\">\n\t\t\t\t\t<div class=\"qode-aig-image qode-item-space\">\n\t\t\t\t<div class=\"qode-aig-image-inner\">\n\t\t\t\t\t\t\t\t\t\t\t<img loading=\"lazy\" decoding=\"async\" width=\"340\" height=\"333\" src=\"https:\/\/mvconcierge.vip\/wp-content\/uploads\/2020\/10\/mv-concierge-01.png\" class=\"attachment-full size-full\" alt=\"MV Concierge\" srcset=\"https:\/\/mvconcierge.vip\/wp-content\/uploads\/2020\/10\/mv-concierge-01.png 340w, https:\/\/mvconcierge.vip\/wp-content\/uploads\/2020\/10\/mv-concierge-01-300x294.png 300w\" sizes=\"auto, (max-width: 340px) 100vw, 340px\" \/>\t\t\t\t\t\t<span class=\"aig-gallery-hover\">\n\t\t\t\t\t\t\t\t\t\t\t\t\t<\/span>\n\t\t\t\t\t\t\t\t\t<\/div>\n\t\t\t<\/div>\n\t\t\t\t\t<div class=\"qode-aig-image qode-item-space\">\n\t\t\t\t<div class=\"qode-aig-image-inner\">\n\t\t\t\t\t\t\t\t\t\t\t<img loading=\"lazy\" decoding=\"async\" width=\"340\" height=\"332\" src=\"https:\/\/mvconcierge.vip\/wp-content\/uploads\/2020\/10\/mv-concierge-02.png\" class=\"attachment-full size-full\" alt=\"MV Concierge\" srcset=\"https:\/\/mvconcierge.vip\/wp-content\/uploads\/2020\/10\/mv-concierge-02.png 340w, https:\/\/mvconcierge.vip\/wp-content\/uploads\/2020\/10\/mv-concierge-02-300x293.png 300w\" sizes=\"auto, (max-width: 340px) 100vw, 340px\" \/>\t\t\t\t\t\t<span class=\"aig-gallery-hover\">\n\t\t\t\t\t\t\t\t\t\t\t\t\t<\/span>\n\t\t\t\t\t\t\t\t\t<\/div>\n\t\t\t<\/div>\n\t\t\t\t\t<div class=\"qode-aig-image qode-item-space\">\n\t\t\t\t<div class=\"qode-aig-image-inner\">\n\t\t\t\t\t\t\t\t\t\t\t<img loading=\"lazy\" decoding=\"async\" width=\"340\" height=\"332\" src=\"https:\/\/mvconcierge.vip\/wp-content\/uploads\/2020\/10\/mv-concierge-03.png\" class=\"attachment-full size-full\" alt=\"MV Concierge\" srcset=\"https:\/\/mvconcierge.vip\/wp-content\/uploads\/2020\/10\/mv-concierge-03.png 340w, https:\/\/mvconcierge.vip\/wp-content\/uploads\/2020\/10\/mv-concierge-03-300x293.png 300w\" sizes=\"auto, (max-width: 340px) 100vw, 340px\" \/>\t\t\t\t\t\t<span class=\"aig-gallery-hover\">\n\t\t\t\t\t\t\t\t\t\t\t\t\t<\/span>\n\t\t\t\t\t\t\t\t\t<\/div>\n\t\t\t<\/div>\n\t\t\t<\/div>\n<\/div>\t<div class=\"vc_empty_space\"  style=\"height: 80px\" ><span\n\t\t\tclass=\"vc_empty_space_inner\">\n\t\t\t<span class=\"empty_space_image\"  ><\/span>\n\t\t<\/span><\/div>\n\n<\/div><\/div><\/div><\/div><\/div><\/div><div      class=\"vc_row wpb_row section vc_row-fluid  grid_section\" style=' text-align:left;'><div class=\"section_inner clearfix\"><div class='section_inner_margin clearfix'><div class=\"wpb_column vc_column_container vc_col-sm-12\"><div class=\"vc_column-inner\"><div class=\"wpb_wrapper\">\n\t<div class=\"wpb_text_column wpb_content_element\">\n\t\t<div class=\"wpb_wrapper\">\n\t\t\t<h2 style=\"text-align: center;\">nuestros servicios<\/h2>\n<h2 style=\"text-align: center;\">extremadamente importante<\/h2>\n\n\t\t<\/div> \n\t<\/div> \t<div class=\"vc_empty_space\"  style=\"height: 40px\" ><span\n\t\t\tclass=\"vc_empty_space_inner\">\n\t\t\t<span class=\"empty_space_image\"  ><\/span>\n\t\t<\/span><\/div>\n\n<div      class=\"vc_row wpb_row section vc_row-fluid vc_inner\" style=' text-align:left;'><div class=\"full_section_inner clearfix\"><div class=\"wpb_column vc_column_container vc_col-sm-4\"><div class=\"vc_column-inner\"><div class=\"wpb_wrapper\">\n\t<div class=\"wpb_single_image wpb_content_element vc_align_center  qode_image_hover_zoom_in\">\n\t\t<div class=\"wpb_wrapper\">\n\t\t\t\n\t\t\t<a href=\"\/es\/inspecao-do-imovel\/\" target=\"_self\"><div class=\"vc_single_image-wrapper   vc_box_border_grey\"><img loading=\"lazy\" decoding=\"async\" width=\"340\" height=\"340\" src=\"https:\/\/mvconcierge.vip\/wp-content\/uploads\/2020\/10\/mv-concierge-inspecao-do-imovel-01.png\" class=\"vc_single_image-img attachment-full\" alt=\"MV Concierge - Inspe\u00e7\u00e3o do Im\u00f3vel\" srcset=\"https:\/\/mvconcierge.vip\/wp-content\/uploads\/2020\/10\/mv-concierge-inspecao-do-imovel-01.png 340w, https:\/\/mvconcierge.vip\/wp-content\/uploads\/2020\/10\/mv-concierge-inspecao-do-imovel-01-300x300.png 300w, https:\/\/mvconcierge.vip\/wp-content\/uploads\/2020\/10\/mv-concierge-inspecao-do-imovel-01-150x150.png 150w\" sizes=\"auto, (max-width: 340px) 100vw, 340px\" \/><\/div><\/a>\n\t\t<\/div>\n\t<\/div>\n\t<div class=\"vc_empty_space\"  style=\"height: 20px\" ><span\n\t\t\tclass=\"vc_empty_space_inner\">\n\t\t\t<span class=\"empty_space_image\"  ><\/span>\n\t\t<\/span><\/div>\n\n\n\t<div class=\"wpb_text_column wpb_content_element\">\n\t\t<div class=\"wpb_wrapper\">\n\t\t\t<h3 class=\"link-servicos\" style=\"text-align: center;\">inspecci\u00f3n de la propiedad<\/h3>\n<p class=\"link-servicos\" style=\"text-align: center;\"><a href=\"\/es\/inspecao-do-imovel\/\"><i class=\"fas fa-arrow-right\"><\/i> leer m\u00e1s<\/a><\/p>\n\n\t\t<\/div> \n\t<\/div> \t<div class=\"vc_empty_space\"  style=\"height: 45px\" ><span\n\t\t\tclass=\"vc_empty_space_inner\">\n\t\t\t<span class=\"empty_space_image\"  ><\/span>\n\t\t<\/span><\/div>\n\n<\/div><\/div><\/div><div class=\"wpb_column vc_column_container vc_col-sm-4\"><div class=\"vc_column-inner\"><div class=\"wpb_wrapper\">\n\t<div class=\"wpb_single_image wpb_content_element vc_align_center  qode_image_hover_zoom_in\">\n\t\t<div class=\"wpb_wrapper\">\n\t\t\t\n\t\t\t<a href=\"\/es\/instalacao-e-manutencao\/\" target=\"_self\"><div class=\"vc_single_image-wrapper   vc_box_border_grey\"><img loading=\"lazy\" decoding=\"async\" width=\"340\" height=\"340\" src=\"https:\/\/mvconcierge.vip\/wp-content\/uploads\/2020\/10\/mv-concierge-instalacao-e-manutencao-01.png\" class=\"vc_single_image-img attachment-full\" alt=\"MV Concierge - Instala\u00e7\u00e3o e Manuten\u00e7\u00e3o\" srcset=\"https:\/\/mvconcierge.vip\/wp-content\/uploads\/2020\/10\/mv-concierge-instalacao-e-manutencao-01.png 340w, https:\/\/mvconcierge.vip\/wp-content\/uploads\/2020\/10\/mv-concierge-instalacao-e-manutencao-01-300x300.png 300w, https:\/\/mvconcierge.vip\/wp-content\/uploads\/2020\/10\/mv-concierge-instalacao-e-manutencao-01-150x150.png 150w\" sizes=\"auto, (max-width: 340px) 100vw, 340px\" \/><\/div><\/a>\n\t\t<\/div>\n\t<\/div>\n\t<div class=\"vc_empty_space\"  style=\"height: 20px\" ><span\n\t\t\tclass=\"vc_empty_space_inner\">\n\t\t\t<span class=\"empty_space_image\"  ><\/span>\n\t\t<\/span><\/div>\n\n\n\t<div class=\"wpb_text_column wpb_content_element\">\n\t\t<div class=\"wpb_wrapper\">\n\t\t\t<h3 class=\"link-servicos\" style=\"text-align: center;\">instalaci\u00f3n y mantenimiento<\/h3>\n<p class=\"link-servicos\" style=\"text-align: center;\"><a href=\"\/es\/instalacao-e-manutencao\/&quot;\/\"><i class=\"fas fa-arrow-right\"><\/i> leer m\u00e1s<\/a><\/p>\n\n\t\t<\/div> \n\t<\/div> \t<div class=\"vc_empty_space\"  style=\"height: 45px\" ><span\n\t\t\tclass=\"vc_empty_space_inner\">\n\t\t\t<span class=\"empty_space_image\"  ><\/span>\n\t\t<\/span><\/div>\n\n<\/div><\/div><\/div><div class=\"wpb_column vc_column_container vc_col-sm-4\"><div class=\"vc_column-inner\"><div class=\"wpb_wrapper\">\n\t<div class=\"wpb_single_image wpb_content_element vc_align_center  qode_image_hover_zoom_in\">\n\t\t<div class=\"wpb_wrapper\">\n\t\t\t\n\t\t\t<a href=\"\/es\/limpeza-do-imovel\/\" target=\"_self\"><div class=\"vc_single_image-wrapper   vc_box_border_grey\"><img loading=\"lazy\" decoding=\"async\" width=\"340\" height=\"340\" src=\"https:\/\/mvconcierge.vip\/wp-content\/uploads\/2020\/10\/mv-concierge-limpeza-do-imovel-01.png\" class=\"vc_single_image-img attachment-full\" alt=\"MV Concierge - Limpeza do Im\u00f3vel\" srcset=\"https:\/\/mvconcierge.vip\/wp-content\/uploads\/2020\/10\/mv-concierge-limpeza-do-imovel-01.png 340w, https:\/\/mvconcierge.vip\/wp-content\/uploads\/2020\/10\/mv-concierge-limpeza-do-imovel-01-300x300.png 300w, https:\/\/mvconcierge.vip\/wp-content\/uploads\/2020\/10\/mv-concierge-limpeza-do-imovel-01-150x150.png 150w\" sizes=\"auto, (max-width: 340px) 100vw, 340px\" \/><\/div><\/a>\n\t\t<\/div>\n\t<\/div>\n\t<div class=\"vc_empty_space\"  style=\"height: 20px\" ><span\n\t\t\tclass=\"vc_empty_space_inner\">\n\t\t\t<span class=\"empty_space_image\"  ><\/span>\n\t\t<\/span><\/div>\n\n\n\t<div class=\"wpb_text_column wpb_content_element\">\n\t\t<div class=\"wpb_wrapper\">\n\t\t\t<h3 class=\"link-servicos\" style=\"text-align: center;\">limpieza de la propiedad<\/h3>\n<p class=\"link-servicos\" style=\"text-align: center;\"><a href=\"\/es\/limpeza-do-imovel\/\"><i class=\"fas fa-arrow-right\"><\/i> leer m\u00e1s<\/a><\/p>\n\n\t\t<\/div> \n\t<\/div> \t<div class=\"vc_empty_space\"  style=\"height: 45px\" ><span\n\t\t\tclass=\"vc_empty_space_inner\">\n\t\t\t<span class=\"empty_space_image\"  ><\/span>\n\t\t<\/span><\/div>\n\n<\/div><\/div><\/div><\/div><\/div><div      class=\"vc_row wpb_row section vc_row-fluid vc_inner\" style=' text-align:left;'><div class=\"full_section_inner clearfix\"><div class=\"wpb_column vc_column_container vc_col-sm-4\"><div class=\"vc_column-inner\"><div class=\"wpb_wrapper\">\n\t<div class=\"wpb_single_image wpb_content_element vc_align_center  qode_image_hover_zoom_in\">\n\t\t<div class=\"wpb_wrapper\">\n\t\t\t\n\t\t\t<a href=\"\/es\/preparacao-para-chegada\/\" target=\"_self\"><div class=\"vc_single_image-wrapper   vc_box_border_grey\"><img loading=\"lazy\" decoding=\"async\" width=\"340\" height=\"340\" src=\"https:\/\/mvconcierge.vip\/wp-content\/uploads\/2020\/10\/mv-concierge-preparacao-para-chegada-01.png\" class=\"vc_single_image-img attachment-full\" alt=\"MV Concierge - Prepara\u00e7\u00e3o para Chegada\" srcset=\"https:\/\/mvconcierge.vip\/wp-content\/uploads\/2020\/10\/mv-concierge-preparacao-para-chegada-01.png 340w, https:\/\/mvconcierge.vip\/wp-content\/uploads\/2020\/10\/mv-concierge-preparacao-para-chegada-01-300x300.png 300w, https:\/\/mvconcierge.vip\/wp-content\/uploads\/2020\/10\/mv-concierge-preparacao-para-chegada-01-150x150.png 150w\" sizes=\"auto, (max-width: 340px) 100vw, 340px\" \/><\/div><\/a>\n\t\t<\/div>\n\t<\/div>\n\t<div class=\"vc_empty_space\"  style=\"height: 20px\" ><span\n\t\t\tclass=\"vc_empty_space_inner\">\n\t\t\t<span class=\"empty_space_image\"  ><\/span>\n\t\t<\/span><\/div>\n\n\n\t<div class=\"wpb_text_column wpb_content_element\">\n\t\t<div class=\"wpb_wrapper\">\n\t\t\t<h3 class=\"link-servicos\" style=\"text-align: center;\">preparativos para la llegada<\/h3>\n<p class=\"link-servicos\" style=\"text-align: center;\"><a href=\"\/es\/preparacao-para-chegada\/\"><i class=\"fas fa-arrow-right\"><\/i> leer m\u00e1s<\/a><\/p>\n\n\t\t<\/div> \n\t<\/div> \t<div class=\"vc_empty_space\"  style=\"height: 45px\" ><span\n\t\t\tclass=\"vc_empty_space_inner\">\n\t\t\t<span class=\"empty_space_image\"  ><\/span>\n\t\t<\/span><\/div>\n\n<\/div><\/div><\/div><div class=\"wpb_column vc_column_container vc_col-sm-4\"><div class=\"vc_column-inner\"><div class=\"wpb_wrapper\">\n\t<div class=\"wpb_single_image wpb_content_element vc_align_center  qode_image_hover_zoom_in\">\n\t\t<div class=\"wpb_wrapper\">\n\t\t\t\n\t\t\t<a href=\"\/es\/cuidados-com-o-automovel\/\" target=\"_self\"><div class=\"vc_single_image-wrapper   vc_box_border_grey\"><img loading=\"lazy\" decoding=\"async\" width=\"340\" height=\"340\" src=\"https:\/\/mvconcierge.vip\/wp-content\/uploads\/2020\/10\/mv-concierge-cuidados-com-o-automovel-01.png\" class=\"vc_single_image-img attachment-full\" alt=\"MV Concierge - Cuidados com o Autom\u00f3vel\" srcset=\"https:\/\/mvconcierge.vip\/wp-content\/uploads\/2020\/10\/mv-concierge-cuidados-com-o-automovel-01.png 340w, https:\/\/mvconcierge.vip\/wp-content\/uploads\/2020\/10\/mv-concierge-cuidados-com-o-automovel-01-300x300.png 300w, https:\/\/mvconcierge.vip\/wp-content\/uploads\/2020\/10\/mv-concierge-cuidados-com-o-automovel-01-150x150.png 150w\" sizes=\"auto, (max-width: 340px) 100vw, 340px\" \/><\/div><\/a>\n\t\t<\/div>\n\t<\/div>\n\t<div class=\"vc_empty_space\"  style=\"height: 20px\" ><span\n\t\t\tclass=\"vc_empty_space_inner\">\n\t\t\t<span class=\"empty_space_image\"  ><\/span>\n\t\t<\/span><\/div>\n\n\n\t<div class=\"wpb_text_column wpb_content_element\">\n\t\t<div class=\"wpb_wrapper\">\n\t\t\t<h3 class=\"link-servicos\" style=\"text-align: center;\">cuidado del veh\u00edculo<\/h3>\n<p class=\"link-servicos\" style=\"text-align: center;\"><a href=\"\/es\/cuidados-com-o-automovel\/\"><i class=\"fas fa-arrow-right\"><\/i> leer m\u00e1s<\/a><\/p>\n\n\t\t<\/div> \n\t<\/div> \t<div class=\"vc_empty_space\"  style=\"height: 45px\" ><span\n\t\t\tclass=\"vc_empty_space_inner\">\n\t\t\t<span class=\"empty_space_image\"  ><\/span>\n\t\t<\/span><\/div>\n\n<\/div><\/div><\/div><div class=\"wpb_column vc_column_container vc_col-sm-4\"><div class=\"vc_column-inner\"><div class=\"wpb_wrapper\">\n\t<div class=\"wpb_single_image wpb_content_element vc_align_center  qode_image_hover_zoom_in\">\n\t\t<div class=\"wpb_wrapper\">\n\t\t\t\n\t\t\t<a href=\"\/es\/relatorios-mensais\/\" target=\"_self\"><div class=\"vc_single_image-wrapper   vc_box_border_grey\"><img loading=\"lazy\" decoding=\"async\" width=\"340\" height=\"340\" src=\"https:\/\/mvconcierge.vip\/wp-content\/uploads\/2020\/10\/mv-concierge-relatorios-mensais-01.png\" class=\"vc_single_image-img attachment-full\" alt=\"MV Concierge - Relat\u00f3rios Mensais\" srcset=\"https:\/\/mvconcierge.vip\/wp-content\/uploads\/2020\/10\/mv-concierge-relatorios-mensais-01.png 340w, https:\/\/mvconcierge.vip\/wp-content\/uploads\/2020\/10\/mv-concierge-relatorios-mensais-01-300x300.png 300w, https:\/\/mvconcierge.vip\/wp-content\/uploads\/2020\/10\/mv-concierge-relatorios-mensais-01-150x150.png 150w\" sizes=\"auto, (max-width: 340px) 100vw, 340px\" \/><\/div><\/a>\n\t\t<\/div>\n\t<\/div>\n\t<div class=\"vc_empty_space\"  style=\"height: 20px\" ><span\n\t\t\tclass=\"vc_empty_space_inner\">\n\t\t\t<span class=\"empty_space_image\"  ><\/span>\n\t\t<\/span><\/div>\n\n\n\t<div class=\"wpb_text_column wpb_content_element\">\n\t\t<div class=\"wpb_wrapper\">\n\t\t\t<h3 class=\"link-servicos\" style=\"text-align: center;\">informes mensuales<\/h3>\n<p class=\"link-servicos\" style=\"text-align: center;\"><a href=\"\/es\/relatorios-mensais\/\"><i class=\"fas fa-arrow-right\"><\/i> leer m\u00e1s<\/a><\/p>\n\n\t\t<\/div> \n\t<\/div> \t<div class=\"vc_empty_space\"  style=\"height: 45px\" ><span\n\t\t\tclass=\"vc_empty_space_inner\">\n\t\t\t<span class=\"empty_space_image\"  ><\/span>\n\t\t<\/span><\/div>\n\n<\/div><\/div><\/div><\/div><\/div>\t<div class=\"vc_empty_space\"  style=\"height: 100px\" ><span\n\t\t\tclass=\"vc_empty_space_inner\">\n\t\t\t<span class=\"empty_space_image\"  ><\/span>\n\t\t<\/span><\/div>\n\n<\/div><\/div><\/div><\/div><\/div><\/div><div      class=\"vc_row wpb_row section vc_row-fluid  vc_custom_1606137777992 grid_section\" style=' text-align:center;'><div class=\"section_inner clearfix\"><div class='section_inner_margin clearfix'><div class=\"wpb_column vc_column_container vc_col-sm-12\"><div class=\"vc_column-inner\"><div class=\"wpb_wrapper\">\t<div class=\"vc_empty_space\"  style=\"height: 80px\" ><span\n\t\t\tclass=\"vc_empty_space_inner\">\n\t\t\t<span class=\"empty_space_image\"  ><\/span>\n\t\t<\/span><\/div>\n\n\n\t<div class=\"wpb_text_column wpb_content_element\">\n\t\t<div class=\"wpb_wrapper\">\n\t\t\t<h2 style=\"text-align: center;\">nuestros clientes env\u00edan<\/h2>\n<h2 style=\"text-align: center;\">mensajes de afecto =)<\/h2>\n\n\t\t<\/div> \n\t<\/div> <div class='testimonials_c_holder clearfix dark'><div class=\"testimonials_c testimonials_c_carousel\" data-show-navigation=\"yes\" data-animation-speed=\"\" data-auto-rotate-slides=\"10\" data-number-per-slide=\"1\"><ul class=\"slides\">Lo sentimos, no hay mensajes que coincidan con sus criterios.<\/ul><\/div><\/div>\t<div class=\"vc_empty_space\"  style=\"height: 40px\" ><span\n\t\t\tclass=\"vc_empty_space_inner\">\n\t\t\t<span class=\"empty_space_image\"  ><\/span>\n\t\t<\/span><\/div>\n\n<\/div><\/div><\/div><\/div><\/div><\/div>","protected":false},"excerpt":{"rendered":"Concierge en Miami Cuidamos al m\u00e1ximo su propiedad Administraci\u00f3n de Propiedades y Concierge en Miami Son los peque\u00f1os detalles los que hacen experiencias verdaderamente lujosas.   MV Concierge tiene una gama completa de servicios de administraci\u00f3n de propiedades para...","protected":false},"author":1,"featured_media":0,"parent":0,"menu_order":0,"comment_status":"closed","ping_status":"open","template":"full_width.php","meta":{"footnotes":""},"yst_prominent_words":[],"class_list":["post-2","page","type-page","status-publish","hentry"],"_links":{"self":[{"href":"https:\/\/mvconcierge.vip\/es\/wp-json\/wp\/v2\/pages\/2","targetHints":{"allow":["GET"]}}],"collection":[{"href":"https:\/\/mvconcierge.vip\/es\/wp-json\/wp\/v2\/pages"}],"about":[{"href":"https:\/\/mvconcierge.vip\/es\/wp-json\/wp\/v2\/types\/page"}],"author":[{"embeddable":true,"href":"https:\/\/mvconcierge.vip\/es\/wp-json\/wp\/v2\/users\/1"}],"replies":[{"embeddable":true,"href":"https:\/\/mvconcierge.vip\/es\/wp-json\/wp\/v2\/comments?post=2"}],"version-history":[{"count":0,"href":"https:\/\/mvconcierge.vip\/es\/wp-json\/wp\/v2\/pages\/2\/revisions"}],"wp:attachment":[{"href":"https:\/\/mvconcierge.vip\/es\/wp-json\/wp\/v2\/media?parent=2"}],"wp:term":[{"taxonomy":"yst_prominent_words","embeddable":true,"href":"https:\/\/mvconcierge.vip\/es\/wp-json\/wp\/v2\/yst_prominent_words?post=2"}],"curies":[{"name":"wp","href":"https:\/\/api.w.org\/{rel}","templated":true}]}}