{"id":54,"date":"2020-10-29T15:06:01","date_gmt":"2020-10-29T18:06:01","guid":{"rendered":"http:\/\/mvconcierge.vip.186-233-90-147.mkt.com.br\/site\/?page_id=54"},"modified":"2020-11-23T10:37:05","modified_gmt":"2020-11-23T13:37:05","slug":"mv-concierge","status":"publish","type":"page","link":"https:\/\/mvconcierge.vip\/es\/mv-concierge\/","title":{"rendered":"MV Concierge"},"content":{"rendered":"<div      class=\"vc_row wpb_row section vc_row-fluid\" style=' text-align:left;'><div class=\"full_section_inner clearfix\"><div class=\"wpb_column vc_column_container vc_col-sm-12\"><div class=\"vc_column-inner\"><div class=\"wpb_wrapper\">\n\t\t\t<!-- START Cover REVOLUTION SLIDER 6.2.22 --><p class=\"rs-p-wp-fix\"><\/p>\n\t\t\t<rs-module-wrap id=\"rev_slider_2_1_wrapper\" data-source=\"gallery\" style=\"background:transparent;padding:0;margin:0px auto;margin-top:0;margin-bottom:0;\">\n\t\t\t\t<rs-module id=\"rev_slider_2_1\" style=\"\" data-version=\"6.2.22\">\n\t\t\t\t\t<rs-slides>\n\t\t\t\t\t\t<rs-slide data-key=\"rs-2\" data-title=\"Slide\" data-anim=\"ei:d;eo:d;s:1000;r:0;t:fade;sl:0;\">\n\t\t\t\t\t\t\t<img loading=\"lazy\" decoding=\"async\" src=\"\/\/mvconcierge.vip\/wp-content\/uploads\/2020\/10\/cover-01.png\" title=\"portada-01\" width=\"2000\" height=\"78\" class=\"rev-slidebg\" data-no-retina>\n<!---->\t\t\t\t\t\t<\/rs-slide>\n\t\t\t\t\t<\/rs-slides>\n\t\t\t\t<\/rs-module>\n\t\t\t\t<script type=\"text\/javascript\">\n\t\t\t\t\tsetREVStartSize({c: 'rev_slider_2_1',rl:[1240,1024,778,480],el:[78,768,960,720],gw:[1240,1024,778,480],gh:[78,78,78,78],type:'standard',justify:'',layout:'fullwidth',mh:\"0\"});\n\t\t\t\t\tvar\trevapi2,\n\t\t\t\t\t\ttpj;\n\t\t\t\t\tfunction revinit_revslider21() {\n\t\t\t\t\tjQuery(function() {\n\t\t\t\t\t\ttpj = jQuery;\n\t\t\t\t\t\trevapi2 = tpj(\"#rev_slider_2_1\");\n\t\t\t\t\t\tif(revapi2==undefined || revapi2.revolution == undefined){\n\t\t\t\t\t\t\trevslider_showDoubleJqueryError(\"rev_slider_2_1\");\n\t\t\t\t\t\t}else{\n\t\t\t\t\t\t\trevapi2.revolution({\n\t\t\t\t\t\t\t\tsliderLayout:\"fullwidth\",\n\t\t\t\t\t\t\t\tvisibilityLevels:\"1240,1024,778,480\",\n\t\t\t\t\t\t\t\tgridwidth:\"1240,1024,778,480\",\n\t\t\t\t\t\t\t\tgridheight:\"78,78,78,78\",\n\t\t\t\t\t\t\t\tspinner:\"spinner0\",\n\t\t\t\t\t\t\t\tperspective:600,\n\t\t\t\t\t\t\t\tperspectiveType:\"global\",\n\t\t\t\t\t\t\t\teditorheight:\"78,768,960,720\",\n\t\t\t\t\t\t\t\tresponsiveLevels:\"1240,1024,778,480\",\n\t\t\t\t\t\t\t\tprogressBar:{disableProgressBar:true},\n\t\t\t\t\t\t\t\tnavigation: {\n\t\t\t\t\t\t\t\t\tonHoverStop:false\n\t\t\t\t\t\t\t\t},\n\t\t\t\t\t\t\t\tfallbacks: {\n\t\t\t\t\t\t\t\t\tallowHTML5AutoPlayOnAndroid:true\n\t\t\t\t\t\t\t\t},\n\t\t\t\t\t\t\t});\n\t\t\t\t\t\t}\n\t\t\t\t\t\t\n\t\t\t\t\t});\n\t\t\t\t\t} \/\/ End of RevInitScript\n\t\t\t\tvar once_revslider21 = false;\n\t\t\t\tif (document.readyState === \"loading\") {document.addEventListener('readystatechange',function() { if((document.readyState === \"interactive\" || document.readyState === \"complete\") && !once_revslider21 ) { once_revslider21 = true; revinit_revslider21();}});} else {once_revslider21 = true; revinit_revslider21();}\n\t\t\t\t<\/script>\n\t\t\t<\/rs-module-wrap>\n\t\t\t<!-- END REVOLUTION SLIDER -->\n\t<div class=\"vc_empty_space\"  style=\"height: 60px\" ><span\n\t\t\tclass=\"vc_empty_space_inner\">\n\t\t\t<span class=\"empty_space_image\"  ><\/span>\n\t\t<\/span><\/div>\n\n<div      class=\"vc_row wpb_row section vc_row-fluid vc_inner  grid_section\" style=' text-align:left;'><div class=\"section_inner clearfix\"><div class='section_inner_margin clearfix'><div class=\"wpb_column vc_column_container vc_col-sm-6\"><div class=\"vc_column-inner\"><div class=\"wpb_wrapper\"><div class=\"wpb_gallery wpb_content_element vc_clearfix\"><div class=\"wpb_wrapper\"><div class=\"wpb_gallery_slides has_control_nav wpb_flexslider flexslider_fade flexslider\" data-interval=\"3\" data-flex_fx=\"fade\"data-control=\"true\"data-direction=\"false\"data-pause-on-hover=\"true\"><ul class=\"slides\"><li><a itemprop=\"image\" class=\"qode-prettyphoto\" href=\"https:\/\/mvconcierge.vip\/wp-content\/uploads\/2020\/11\/servico-inspecao-do-imovel-00.jpg\" data-rel=\"prettyPhoto[rel-54-3170136592]\"><img loading=\"lazy\" decoding=\"async\" width=\"525\" height=\"540\" src=\"https:\/\/mvconcierge.vip\/wp-content\/uploads\/2020\/11\/servico-inspecao-do-imovel-00.jpg\" class=\"attachment-full\" alt=\"Servi\u00e7os - Inspe\u00e7\u00e3o do Im\u00f3vel\" srcset=\"https:\/\/mvconcierge.vip\/wp-content\/uploads\/2020\/11\/servico-inspecao-do-imovel-00.jpg 525w, https:\/\/mvconcierge.vip\/wp-content\/uploads\/2020\/11\/servico-inspecao-do-imovel-00-292x300.jpg 292w\" sizes=\"auto, (max-width: 525px) 100vw, 525px\" \/><\/a><\/li><li><a itemprop=\"image\" class=\"qode-prettyphoto\" href=\"https:\/\/mvconcierge.vip\/wp-content\/uploads\/2020\/11\/servico-instalacao-e-manutencao-002.jpg\" data-rel=\"prettyPhoto[rel-54-3170136592]\"><img loading=\"lazy\" decoding=\"async\" width=\"525\" height=\"540\" src=\"https:\/\/mvconcierge.vip\/wp-content\/uploads\/2020\/11\/servico-instalacao-e-manutencao-002.jpg\" class=\"attachment-full\" alt=\"Servi\u00e7os - Instala\u00e7\u00e3o e Manuten\u00e7\u00e3o\" srcset=\"https:\/\/mvconcierge.vip\/wp-content\/uploads\/2020\/11\/servico-instalacao-e-manutencao-002.jpg 525w, https:\/\/mvconcierge.vip\/wp-content\/uploads\/2020\/11\/servico-instalacao-e-manutencao-002-292x300.jpg 292w\" sizes=\"auto, (max-width: 525px) 100vw, 525px\" \/><\/a><\/li><li><a itemprop=\"image\" class=\"qode-prettyphoto\" href=\"https:\/\/mvconcierge.vip\/wp-content\/uploads\/2020\/11\/servicos-limpeza-do-imovel-2.jpg\" data-rel=\"prettyPhoto[rel-54-3170136592]\"><img loading=\"lazy\" decoding=\"async\" width=\"525\" height=\"540\" src=\"https:\/\/mvconcierge.vip\/wp-content\/uploads\/2020\/11\/servicos-limpeza-do-imovel-2.jpg\" class=\"attachment-full\" alt=\"Servi\u00e7os - Limpeza do Im\u00f3vel\" srcset=\"https:\/\/mvconcierge.vip\/wp-content\/uploads\/2020\/11\/servicos-limpeza-do-imovel-2.jpg 525w, https:\/\/mvconcierge.vip\/wp-content\/uploads\/2020\/11\/servicos-limpeza-do-imovel-2-292x300.jpg 292w\" sizes=\"auto, (max-width: 525px) 100vw, 525px\" \/><\/a><\/li><li><a itemprop=\"image\" class=\"qode-prettyphoto\" href=\"https:\/\/mvconcierge.vip\/wp-content\/uploads\/2020\/11\/preparacao-para-chegada-3.jpg\" data-rel=\"prettyPhoto[rel-54-3170136592]\"><img loading=\"lazy\" decoding=\"async\" width=\"525\" height=\"540\" src=\"https:\/\/mvconcierge.vip\/wp-content\/uploads\/2020\/11\/preparacao-para-chegada-3.jpg\" class=\"attachment-full\" alt=\"Servi\u00e7os - Prepara\u00e7\u00e3o para Chegada\" srcset=\"https:\/\/mvconcierge.vip\/wp-content\/uploads\/2020\/11\/preparacao-para-chegada-3.jpg 525w, https:\/\/mvconcierge.vip\/wp-content\/uploads\/2020\/11\/preparacao-para-chegada-3-292x300.jpg 292w\" sizes=\"auto, (max-width: 525px) 100vw, 525px\" \/><\/a><\/li><li><a itemprop=\"image\" class=\"qode-prettyphoto\" href=\"https:\/\/mvconcierge.vip\/wp-content\/uploads\/2020\/11\/servicos-cuidados-com-o-automovel-2.jpg\" data-rel=\"prettyPhoto[rel-54-3170136592]\"><img loading=\"lazy\" decoding=\"async\" width=\"525\" height=\"540\" src=\"https:\/\/mvconcierge.vip\/wp-content\/uploads\/2020\/11\/servicos-cuidados-com-o-automovel-2.jpg\" class=\"attachment-full\" alt=\"Servi\u00e7os - Instala\u00e7\u00e3o e Manuten\u00e7\u00e3o\" srcset=\"https:\/\/mvconcierge.vip\/wp-content\/uploads\/2020\/11\/servicos-cuidados-com-o-automovel-2.jpg 525w, https:\/\/mvconcierge.vip\/wp-content\/uploads\/2020\/11\/servicos-cuidados-com-o-automovel-2-292x300.jpg 292w\" sizes=\"auto, (max-width: 525px) 100vw, 525px\" \/><\/a><\/li><li><a itemprop=\"image\" class=\"qode-prettyphoto\" href=\"https:\/\/mvconcierge.vip\/wp-content\/uploads\/2020\/11\/servicos-relatorios-mensais-003.jpg\" data-rel=\"prettyPhoto[rel-54-3170136592]\"><img loading=\"lazy\" decoding=\"async\" width=\"525\" height=\"540\" src=\"https:\/\/mvconcierge.vip\/wp-content\/uploads\/2020\/11\/servicos-relatorios-mensais-003.jpg\" class=\"attachment-full\" alt=\"Servi\u00e7os - Relat\u00f3rios Mensais\" srcset=\"https:\/\/mvconcierge.vip\/wp-content\/uploads\/2020\/11\/servicos-relatorios-mensais-003.jpg 525w, https:\/\/mvconcierge.vip\/wp-content\/uploads\/2020\/11\/servicos-relatorios-mensais-003-292x300.jpg 292w\" sizes=\"auto, (max-width: 525px) 100vw, 525px\" \/><\/a><\/li><\/ul><\/div><\/div><\/div><\/div><\/div><\/div><div class=\"wpb_column vc_column_container vc_col-sm-6\"><div class=\"vc_column-inner\"><div class=\"wpb_wrapper\">\n\t<div class=\"wpb_text_column wpb_content_element\">\n\t\t<div class=\"wpb_wrapper\">\n\t\t\t<h1>MV Concierge<\/h1>\n<p>&nbsp;<\/p>\n<p>MV Concierge ofrece una gama completa de servicios de administraci\u00f3n de propiedades para quienes tienen inmuebles en Miami. Cuidamos de su propiedad para brindarle tranquilidad y comodidad, incluso cuando est\u00e9 lejos.<\/p>\n<p>&nbsp;<\/p>\n<p>Para nosotros, lo m\u00e1s importante es su experiencia en Miami. Todo lo dem\u00e1s lo gestionamos con el objetivo de superar expectativas y hacer que su estancia aqu\u00ed sea verdaderamente inolvidable.\nPorque las experiencias verdaderamente lujosas se encuentran en los peque\u00f1os detalles.<\/p>\n<p>&nbsp;<\/p>\n<p><strong>Conozca nuestros servicios:<\/strong><\/p>\n<p><i class=\"far fa-check-square\"><\/i> Inspecci\u00f3n de la propiedad<\/p>\n<p><i class=\"far fa-check-square\"><\/i> Instalaci\u00f3n y mantenimiento<\/p>\n<p><i class=\"far fa-check-square\"><\/i> Limpieza de la propiedad<\/p>\n<p><i class=\"far fa-check-square\"><\/i> Preparaci\u00f3n para la llegada<\/p>\n<p><i class=\"far fa-check-square\"><\/i> Cuidado del veh\u00edculo<\/p>\n<p><i class=\"far fa-check-square\"><\/i> Informes\u00a0mensuales<\/p>\n\n\t\t<\/div> \n\t<\/div> <\/div><\/div><\/div><\/div><\/div><\/div><\/div><\/div><\/div><\/div><\/div><div      class=\"vc_row wpb_row section vc_row-fluid\" style=' text-align:left;'><div class=\"full_section_inner clearfix\"><div class=\"wpb_column vc_column_container vc_col-sm-12\"><div class=\"vc_column-inner\"><div class=\"wpb_wrapper\">\t<div class=\"vc_empty_space\"  style=\"height: 80px\" ><span\n\t\t\tclass=\"vc_empty_space_inner\">\n\t\t\t<span class=\"empty_space_image\"  ><\/span>\n\t\t<\/span><\/div>\n\n<\/div><\/div><\/div><\/div><\/div>","protected":false},"excerpt":{"rendered":"MV Concierge MV Concierge tiene una gama completa de servicios de administraci\u00f3n de propiedades para brasile\u00f1os que poseen propiedades en Miami. Administramos su propiedad para que se sienta c\u00f3modo con su propiedad en los Estados Unidos.   Para nosotros, lo m\u00e1s importante es su...","protected":false},"author":1,"featured_media":0,"parent":0,"menu_order":0,"comment_status":"closed","ping_status":"closed","template":"full_width.php","meta":{"footnotes":""},"yst_prominent_words":[],"class_list":["post-54","page","type-page","status-publish","hentry"],"_links":{"self":[{"href":"https:\/\/mvconcierge.vip\/es\/wp-json\/wp\/v2\/pages\/54","targetHints":{"allow":["GET"]}}],"collection":[{"href":"https:\/\/mvconcierge.vip\/es\/wp-json\/wp\/v2\/pages"}],"about":[{"href":"https:\/\/mvconcierge.vip\/es\/wp-json\/wp\/v2\/types\/page"}],"author":[{"embeddable":true,"href":"https:\/\/mvconcierge.vip\/es\/wp-json\/wp\/v2\/users\/1"}],"replies":[{"embeddable":true,"href":"https:\/\/mvconcierge.vip\/es\/wp-json\/wp\/v2\/comments?post=54"}],"version-history":[{"count":0,"href":"https:\/\/mvconcierge.vip\/es\/wp-json\/wp\/v2\/pages\/54\/revisions"}],"wp:attachment":[{"href":"https:\/\/mvconcierge.vip\/es\/wp-json\/wp\/v2\/media?parent=54"}],"wp:term":[{"taxonomy":"yst_prominent_words","embeddable":true,"href":"https:\/\/mvconcierge.vip\/es\/wp-json\/wp\/v2\/yst_prominent_words?post=54"}],"curies":[{"name":"wp","href":"https:\/\/api.w.org\/{rel}","templated":true}]}}